{"id":399,"date":"2010-07-13T06:40:02","date_gmt":"2010-07-13T04:40:02","guid":{"rendered":"http:\/\/www.kulturen.com\/ostarpsbloggen\/?page_id=399"},"modified":"2011-07-31T14:17:28","modified_gmt":"2011-07-31T12:17:28","slug":"bakgrund","status":"publish","type":"page","link":"https:\/\/ostarpsbloggen.kulturen.com\/?page_id=399","title":{"rendered":"Gamleg\u00e5rds bakgrund"},"content":{"rendered":"<p>Kulturens \u00d6starp best\u00e5r av m\u00e5nga olika hus och g\u00e5rdar som sedan 1924 har varit en museianl\u00e4ggning skapad av Georg Karlin. Karlin, som var p\u00e5 jakt efter en sk\u00e5nsk fyrl\u00e4ngad g\u00e5rd, kom till denna plats och l\u00e4r ha blivit f\u00f6rstummad av Gamleg\u00e5rds vackra placering. Gamleg\u00e5rd byggdes 1812 av Anders P\u00e5lsson och brukades av tre generationer av samma familj, d\u00e4r Hanna J\u00f6ns Persson (Anders P\u00e5lssons barnbarn) blev den sista g\u00e5rdsbrukaren. Det unika med Gamleg\u00e5rd \u00e4r framf\u00f6rallt den tr\u00e4dg\u00e5rd som Hanna skapade, eller byggde vidare p\u00e5. H\u00e4r fanns sedan tidigare en tr\u00e4dg\u00e5rd som under 1700-talet tycks ha varit en fransk barocktr\u00e4dg\u00e5rd! Men om n\u00e5gra rester av den tr\u00e4dg\u00e5rden fanns kvar vid Hannas tid vet vi inget om.<\/p>\n<div id=\"attachment_407\" style=\"width: 593px\" class=\"wp-caption alignnone\"><a href=\"http:\/\/www.kulturen.com\/ostarpsbloggen\/wp-content\/uploads\/2010\/07\/hanna.jpg\"><img loading=\"lazy\" decoding=\"async\" aria-describedby=\"caption-attachment-407\" class=\"size-full wp-image-407 colorbox-399\" title=\"Hanna J\u00f6ns Persson\" src=\"http:\/\/www.kulturen.com\/ostarpsbloggen\/wp-content\/uploads\/2010\/07\/hanna.jpg\" alt=\"\" width=\"583\" height=\"607\" srcset=\"https:\/\/ostarpsbloggen.kulturen.com\/wp-content\/uploads\/2010\/07\/hanna.jpg 770w, https:\/\/ostarpsbloggen.kulturen.com\/wp-content\/uploads\/2010\/07\/hanna-288x300.jpg 288w\" sizes=\"auto, (max-width: 583px) 100vw, 583px\" \/><\/a><p id=\"caption-attachment-407\" class=\"wp-caption-text\">Hanna J\u00f6ns Persson<\/p><\/div>\n","protected":false},"excerpt":{"rendered":"<p>Kulturens \u00d6starp best\u00e5r av m\u00e5nga olika hus och g\u00e5rdar som sedan 1924 har varit en museianl\u00e4ggning skapad av Georg Karlin. Karlin, som var p\u00e5 jakt efter en sk\u00e5nsk fyrl\u00e4ngad g\u00e5rd, kom till denna plats och l\u00e4r ha blivit f\u00f6rstummad av &hellip; <a href=\"https:\/\/ostarpsbloggen.kulturen.com\/?page_id=399\">Forts\u00e4tt l\u00e4sa <span class=\"meta-nav\">&rarr;<\/span><\/a><\/p>\n","protected":false},"author":3,"featured_media":0,"parent":0,"menu_order":2,"comment_status":"closed","ping_status":"closed","template":"","meta":{"footnotes":""},"class_list":["post-399","page","type-page","status-publish","hentry"],"_links":{"self":[{"href":"https:\/\/ostarpsbloggen.kulturen.com\/index.php?rest_route=\/wp\/v2\/pages\/399","targetHints":{"allow":["GET"]}}],"collection":[{"href":"https:\/\/ostarpsbloggen.kulturen.com\/index.php?rest_route=\/wp\/v2\/pages"}],"about":[{"href":"https:\/\/ostarpsbloggen.kulturen.com\/index.php?rest_route=\/wp\/v2\/types\/page"}],"author":[{"embeddable":true,"href":"https:\/\/ostarpsbloggen.kulturen.com\/index.php?rest_route=\/wp\/v2\/users\/3"}],"replies":[{"embeddable":true,"href":"https:\/\/ostarpsbloggen.kulturen.com\/index.php?rest_route=%2Fwp%2Fv2%2Fcomments&post=399"}],"version-history":[{"count":0,"href":"https:\/\/ostarpsbloggen.kulturen.com\/index.php?rest_route=\/wp\/v2\/pages\/399\/revisions"}],"wp:attachment":[{"href":"https:\/\/ostarpsbloggen.kulturen.com\/index.php?rest_route=%2Fwp%2Fv2%2Fmedia&parent=399"}],"curies":[{"name":"wp","href":"https:\/\/api.w.org\/{rel}","templated":true}]}}