{"id":1939,"date":"2011-05-10T11:34:30","date_gmt":"2011-05-10T09:34:30","guid":{"rendered":"http:\/\/www.kulturen.com\/ostarpsbloggen\/?page_id=1939"},"modified":"2011-07-31T14:21:52","modified_gmt":"2011-07-31T12:21:52","slug":"gamlegards-oppettider-2011","status":"publish","type":"page","link":"https:\/\/ostarpsbloggen.kulturen.com\/?page_id=1939","title":{"rendered":"Sommar\u00f6ppet 2011"},"content":{"rendered":"<p>Kulturens \u00d6starp g\u00e5r att bes\u00f6ka \u00e5ret om och det \u00e4r alltid\u00a0fri entr\u00e9, och p\u00e5 sommaren \u00e4r dessutom Gamleg\u00e5rd och dess tr\u00e4dg\u00e5rd \u00f6ppen och museiv\u00e4rdar finns p\u00e5 plats.<\/p>\n<p><span style=\"color: #800000;\"><strong>OBS! P\u00e5 grund av hussvampen som angripit Gamleg\u00e5rd (<a title=\"Sanering av hussvamp\" href=\"http:\/\/www.kulturen.com\/ostarpsbloggen\/?p=2572\">se\u00a0f\u00f6ljande\u00a0artikel<\/a>) har det skett sanering i huset\u00a0mellan den 28\/6-6\/7. Det g\u00e5r inte att bes\u00f6ka n\u00e5gra rum i g\u00e5rden som h\u00e5lls st\u00e4ngda p\u00e5 grund av s\u00e4kerhetssk\u00e4l. Tr\u00e4dg\u00e5rden \u00e4r dock alltid \u00f6ppen och g\u00e5r att bes\u00f6ka, samt att museiv\u00e4rden finns p\u00e5 plats denna vecka.<\/strong><\/span><\/p>\n<p>Med undantag f\u00f6r ovan g\u00e4ller dock f\u00f6ljande: Gula dagar i kalendern nedan har vi har \u00f6ppet mellan klockan 11-17. Dessa dagar kan du \u00e4ven f\u00f6lja med p\u00e5 en visning av Gamleg\u00e5rd och dess tr\u00e4dg\u00e5rd klockan 14.<\/p>\n<p><img loading=\"lazy\" decoding=\"async\" class=\"alignnone size-full wp-image-1942 colorbox-1939\" title=\"ostarpoppet2011\" src=\"http:\/\/www.kulturen.com\/ostarpsbloggen\/wp-content\/uploads\/2011\/05\/ostarpoppet2011.gif\" alt=\"\" width=\"321\" height=\"321\" srcset=\"https:\/\/ostarpsbloggen.kulturen.com\/wp-content\/uploads\/2011\/05\/ostarpoppet2011.gif 321w, https:\/\/ostarpsbloggen.kulturen.com\/wp-content\/uploads\/2011\/05\/ostarpoppet2011-150x150.gif 150w, https:\/\/ostarpsbloggen.kulturen.com\/wp-content\/uploads\/2011\/05\/ostarpoppet2011-300x300.gif 300w\" sizes=\"auto, (max-width: 321px) 100vw, 321px\" \/><\/p>\n<p>Under \u00f6ppettiderna n\u00e5r du museiv\u00e4rden p\u00e5 telefonnummer 0703-28 49 35<\/p>\n","protected":false},"excerpt":{"rendered":"<p>Kulturens \u00d6starp g\u00e5r att bes\u00f6ka \u00e5ret om och det \u00e4r alltid\u00a0fri entr\u00e9, och p\u00e5 sommaren \u00e4r dessutom Gamleg\u00e5rd och dess tr\u00e4dg\u00e5rd \u00f6ppen och museiv\u00e4rdar finns p\u00e5 plats. OBS! P\u00e5 grund av hussvampen som angripit Gamleg\u00e5rd (se\u00a0f\u00f6ljande\u00a0artikel) har det skett sanering &hellip; <a href=\"https:\/\/ostarpsbloggen.kulturen.com\/?page_id=1939\">Forts\u00e4tt l\u00e4sa <span class=\"meta-nav\">&rarr;<\/span><\/a><\/p>\n","protected":false},"author":1,"featured_media":0,"parent":5,"menu_order":4,"comment_status":"closed","ping_status":"closed","template":"","meta":{"footnotes":""},"class_list":["post-1939","page","type-page","status-publish","hentry"],"_links":{"self":[{"href":"https:\/\/ostarpsbloggen.kulturen.com\/index.php?rest_route=\/wp\/v2\/pages\/1939","targetHints":{"allow":["GET"]}}],"collection":[{"href":"https:\/\/ostarpsbloggen.kulturen.com\/index.php?rest_route=\/wp\/v2\/pages"}],"about":[{"href":"https:\/\/ostarpsbloggen.kulturen.com\/index.php?rest_route=\/wp\/v2\/types\/page"}],"author":[{"embeddable":true,"href":"https:\/\/ostarpsbloggen.kulturen.com\/index.php?rest_route=\/wp\/v2\/users\/1"}],"replies":[{"embeddable":true,"href":"https:\/\/ostarpsbloggen.kulturen.com\/index.php?rest_route=%2Fwp%2Fv2%2Fcomments&post=1939"}],"version-history":[{"count":0,"href":"https:\/\/ostarpsbloggen.kulturen.com\/index.php?rest_route=\/wp\/v2\/pages\/1939\/revisions"}],"up":[{"embeddable":true,"href":"https:\/\/ostarpsbloggen.kulturen.com\/index.php?rest_route=\/wp\/v2\/pages\/5"}],"wp:attachment":[{"href":"https:\/\/ostarpsbloggen.kulturen.com\/index.php?rest_route=%2Fwp%2Fv2%2Fmedia&parent=1939"}],"curies":[{"name":"wp","href":"https:\/\/api.w.org\/{rel}","templated":true}]}}